{"id":6507,"date":"2026-04-16T12:02:47","date_gmt":"2026-04-16T16:02:47","guid":{"rendered":"https:\/\/letsbike.ca\/?page_id=6507"},"modified":"2026-04-23T08:47:26","modified_gmt":"2026-04-23T12:47:26","slug":"nouvelles-et-evenements","status":"publish","type":"page","link":"https:\/\/letsbike.ca\/fr\/nouvelles-et-evenements\/","title":{"rendered":"Nouvelles et \u00c9v\u00e9nements"},"content":{"rendered":"\n<div class=\"wp-block-columns alignwide is-layout-flex wp-container-core-columns-is-layout-28f84493 wp-block-columns-is-layout-flex\">\n<div class=\"wp-block-column is-layout-flow wp-block-column-is-layout-flow\" style=\"flex-basis:60%\">\n<p class=\"has-x-large-font-size\" style=\"line-height:1.1\">Nous adorons \u00eatre pr\u00e9sents dans la communaut\u00e9 pour encourager et c\u00e9l\u00e9brer le v\u00e9lo !<\/p>\n\n\n\n<p class=\"has-medium-font-size\">Rejoignez-nous pour des conseils cyclistes, des ressources et une ambiance conviviale !<\/p>\n\n\n\n<div style=\"height:var(--wp--preset--spacing--40)\" aria-hidden=\"true\" class=\"wp-block-spacer\"><\/div>\n\n\n\n<div class=\"wp-block-query is-layout-flow wp-block-query-is-layout-flow\">\n<h2 class=\"wp-block-heading\">Plus que du v\u00e9lo:<br>Des histoires de la communaut\u00e9 cycliste d&rsquo;Ottawa<\/h2>\n\n\n\n<div style=\"height:var(--wp--preset--spacing--10)\" aria-hidden=\"true\" class=\"wp-block-spacer\"><\/div>\n\n\n<ul class=\"wp-block-post-template is-layout-flow wp-block-post-template-is-layout-flow\"><li class=\"wp-block-post post-6566 post type-post status-publish format-standard hentry category-infolettre\">\n\n<div class=\"wp-block-group is-vertical is-layout-flex wp-container-core-group-is-layout-63cd104b wp-block-group-is-layout-flex\" style=\"border-bottom-color:var(--wp--preset--color--custom-grey);border-bottom-width:1px;padding-bottom:var(--wp--preset--spacing--30)\"><h2 style=\"line-height:1.1;\" class=\"wp-block-post-title has-medium-font-size has-aptos-font-family\"><a href=\"https:\/\/letsbike.ca\/fr\/trips-for-kids\/\" target=\"_self\" >Trips for Kids<\/a><\/h2>\n\n<div style=\"font-style:normal;font-weight:700;\" class=\"wp-block-post-date has-small-font-size\"><time datetime=\"2025-06-25T17:40:00-04:00\">25 juin 2025<\/time><\/div>\n\n<div class=\"has-link-color wp-elements-1c38a9c45fba60f02b8930d5979ec2ee wp-block-post-excerpt has-text-color has-custom-asphalt-light-color has-small-font-size\"><p class=\"wp-block-post-excerpt__excerpt\">Les groupes qui soutiennent les jeunes d\u00e9favoris\u00e9s, comme\u00a0Trips for Kids, sont nombreux \u00e0 Ottawa. Actif depuis 2007, Trips for Kids\u2026 <a class=\"wp-block-post-excerpt__more-link\" href=\"https:\/\/letsbike.ca\/fr\/trips-for-kids\/\">En savoir plus<\/a><\/p><\/div><\/div>\n\n<\/li><li class=\"wp-block-post post-6583 post type-post status-publish format-standard hentry category-infolettre category-newsletter\">\n\n<div class=\"wp-block-group is-vertical is-layout-flex wp-container-core-group-is-layout-63cd104b wp-block-group-is-layout-flex\" style=\"border-bottom-color:var(--wp--preset--color--custom-grey);border-bottom-width:1px;padding-bottom:var(--wp--preset--spacing--30)\"><h2 style=\"line-height:1.1;\" class=\"wp-block-post-title has-medium-font-size has-aptos-font-family\"><a href=\"https:\/\/letsbike.ca\/fr\/heller-phillips-renovations\/\" target=\"_self\" >Heller Phillips Renovations<\/a><\/h2>\n\n<div style=\"font-style:normal;font-weight:700;\" class=\"wp-block-post-date has-small-font-size\"><time datetime=\"2025-06-17T17:53:00-04:00\">17 juin 2025<\/time><\/div>\n\n<div class=\"has-link-color wp-elements-1c38a9c45fba60f02b8930d5979ec2ee wp-block-post-excerpt has-text-color has-custom-asphalt-light-color has-small-font-size\"><p class=\"wp-block-post-excerpt__excerpt\">Les gens se tournent vers le v\u00e9lo pour diverses raisons : la fiabilit\u00e9 de ce moyen de transport, des questions\u2026 <a class=\"wp-block-post-excerpt__more-link\" href=\"https:\/\/letsbike.ca\/fr\/heller-phillips-renovations\/\">En savoir plus<\/a><\/p><\/div><\/div>\n\n<\/li><\/ul>\n\n\n\n<\/div>\n\n\n\n<div style=\"height:25px\" aria-hidden=\"true\" class=\"wp-block-spacer\"><\/div>\n<\/div>\n\n\n\n<div class=\"wp-block-column has-custom-grey-background-color has-background is-layout-flow wp-block-column-is-layout-flow\" style=\"border-top-left-radius:21px;border-top-right-radius:21px;border-bottom-left-radius:21px;border-bottom-right-radius:21px;padding-top:var(--wp--preset--spacing--30);padding-right:var(--wp--preset--spacing--30);padding-bottom:var(--wp--preset--spacing--30);padding-left:var(--wp--preset--spacing--30);flex-basis:40%\">\n<div class=\"wp-block-group mt5 is-layout-flow wp-block-group-is-layout-flow wp-container-1 is-position-sticky\">\n<div class=\"wp-block-query is-layout-flow wp-block-query-is-layout-flow\">\n<p class=\"has-custom-grey-color has-custom-asphalt-light-background-color has-text-color has-background has-link-color wp-elements-5ee24a9f99e74c7aaaf1bfad3ce44e7a\" style=\"border-top-left-radius:15px;border-top-right-radius:15px;border-bottom-left-radius:15px;border-bottom-right-radius:15px;padding-top:var(--wp--preset--spacing--10);padding-right:var(--wp--preset--spacing--30);padding-bottom:var(--wp--preset--spacing--10);padding-left:var(--wp--preset--spacing--30)\">\u00c9v\u00e9nements<\/p>\n\n\n<ul class=\"wp-block-post-template is-layout-flow wp-block-post-template-is-layout-flow\"><li class=\"wp-block-post post-6522 event type-event status-publish hentry\">\n\n<div class=\"wp-block-group is-vertical is-layout-flex wp-container-core-group-is-layout-1182441c wp-block-group-is-layout-flex\" style=\"border-left-width:1px;padding-left:var(--wp--preset--spacing--30)\"><p style=\"font-style:normal;font-weight:700; padding-top:0;padding-bottom:0;margin-top:0;margin-bottom:0;\" class=\"is-acf-field is-date_picker-field wp-block-mfb-meta-field-block has-medium-font-size\"><span class=\"value\">mai 3, 2026<\/span><\/p>\n\n<h2 class=\"wp-block-post-title has-regular-font-size has-aptos-font-family\">Le d\u00e9fi CN pour le CHEO<\/h2>\n\n<p style=\"margin-top:0;margin-bottom:0;\" class=\"is-acf-field is-text-field wp-block-mfb-meta-field-block has-regular-font-size\"><span class=\"value\">War Museum<\/span><\/p>\n\n<a style=\"padding-top:var(--wp--preset--spacing--20);\" class=\"wp-block-read-more has-x-large-font-size\" href=\"https:\/\/letsbike.ca\/fr\/event\/le-defi-cn-pour-le-cheo\/\" target=\"_self\"> \u2192<span class=\"screen-reader-text\">\u00a0: Le d\u00e9fi CN pour le CHEO<\/span><\/a><\/div>\n\n<\/li><li class=\"wp-block-post post-6527 event type-event status-publish hentry\">\n\n<div class=\"wp-block-group is-vertical is-layout-flex wp-container-core-group-is-layout-1182441c wp-block-group-is-layout-flex\" style=\"border-left-width:1px;padding-left:var(--wp--preset--spacing--30)\"><p style=\"font-style:normal;font-weight:700; padding-top:0;padding-bottom:0;margin-top:0;margin-bottom:0;\" class=\"is-acf-field is-date_picker-field wp-block-mfb-meta-field-block has-medium-font-size\"><span class=\"value\">mai 24, 2026<\/span><\/p>\n\n<h2 class=\"wp-block-post-title has-regular-font-size has-aptos-font-family\">March\u00e9 fermier Stittsville<\/h2>\n\n<p style=\"margin-top:0;margin-bottom:0;\" class=\"is-acf-field is-text-field wp-block-mfb-meta-field-block has-regular-font-size\"><span class=\"value\">6154 Abbott St E. Stittsville, Ontario<\/span><\/p>\n\n<a style=\"padding-top:var(--wp--preset--spacing--20);\" class=\"wp-block-read-more has-x-large-font-size\" href=\"https:\/\/letsbike.ca\/fr\/event\/marche-fermier-stittsville\/\" target=\"_self\"> \u2192<span class=\"screen-reader-text\">\u00a0: March\u00e9 fermier Stittsville<\/span><\/a><\/div>\n\n<\/li><li class=\"wp-block-post post-6532 event type-event status-publish hentry\">\n\n<div class=\"wp-block-group is-vertical is-layout-flex wp-container-core-group-is-layout-1182441c wp-block-group-is-layout-flex\" style=\"border-left-width:1px;padding-left:var(--wp--preset--spacing--30)\"><p style=\"font-style:normal;font-weight:700; padding-top:0;padding-bottom:0;margin-top:0;margin-bottom:0;\" class=\"is-acf-field is-date_picker-field wp-block-mfb-meta-field-block has-medium-font-size\"><span class=\"value\">juin 5, 2026<\/span><\/p>\n\n<h2 class=\"wp-block-post-title has-regular-font-size has-aptos-font-family\">Le v\u00e9lo en ville : conseils et infrastructure<\/h2>\n\n<p style=\"margin-top:0;margin-bottom:0;\" class=\"is-acf-field is-text-field wp-block-mfb-meta-field-block has-regular-font-size\"><span class=\"value\">Centennial Branch, Ottawa Public Library<\/span><\/p>\n\n<a style=\"padding-top:var(--wp--preset--spacing--20);\" class=\"wp-block-read-more has-x-large-font-size\" href=\"https:\/\/letsbike.ca\/fr\/event\/le-velo-en-ville-conseils-et-infrastructure\/\" target=\"_self\"> \u2192<span class=\"screen-reader-text\">\u00a0: Le v\u00e9lo en ville : conseils et infrastructure<\/span><\/a><\/div>\n\n<\/li><\/ul>\n\n\n\n<\/div>\n<\/div>\n\n\n\n<div style=\"height:43px\" aria-hidden=\"true\" class=\"wp-block-spacer mt4\"><\/div>\n<\/div>\n<\/div>\n\n\n\n<hr class=\"wp-block-separator has-alpha-channel-opacity\"\/>\n\n\n\n<div class=\"wp-block-group is-vertical is-layout-flex wp-container-core-group-is-layout-fe9cc265 wp-block-group-is-layout-flex\">\n<h2 class=\"wp-block-heading\">Autres \u00e9v\u00e9nements et sorties sociales dans la r\u00e9gion<\/h2>\n<\/div>\n\n\n\n<p>4 juin &#8211; Sortie en groupe <a href=\"https:\/\/www.instagram.com\/ottbikesocial\/\">OttBikeSocial<\/a> au d\u00e9part du Byron Linear Tramway Park, sur Golden Ave.<\/p>\n\n\n\n<p>11 juin &#8211; Sortie en groupe <a href=\"https:\/\/www.instagram.com\/ottbikesocial\/\">OttBikeSocial<\/a> au d\u00e9part du Meadowvale Terrace Park<\/p>\n\n\n\n<p>18 juin &#8211; Sortie en groupe <a href=\"https:\/\/www.instagram.com\/ottbikesocial\/\">OttBikeSocial<\/a> au d\u00e9part du Dundonald Park<\/p>\n\n\n\n<p>25 juin &#8211; Sortie en groupe <a href=\"https:\/\/www.instagram.com\/ottbikesocial\/\">OttBikeSocial<\/a> au d\u00e9part du centre communautaire d&rsquo;Overbrook<\/p>\n\n\n\n<p><\/p>\n\n\n\n<p class=\"has-text-align-center\"><em>Le Mois \u00e0 v\u00e9lo n&rsquo;est affili\u00e9 \u00e0 aucune des activit\u00e9s mentionn\u00e9es ci-dessus et ne participe pas \u00e0 leur organisation. Pour plus d&rsquo;informations, veuillez contacter directement les organisateurs. Si vous souhaitez que votre \u00e9v\u00e9nement figure dans la liste, veuillez contacter transport@envirocentre.ca.<\/em><\/p>\n\n\n\n<div style=\"height:100px\" aria-hidden=\"true\" class=\"wp-block-spacer\"><\/div>\n","protected":false},"excerpt":{"rendered":"<p>Nous adorons \u00eatre pr\u00e9sents dans la communaut\u00e9 pour encourager et c\u00e9l\u00e9brer le v\u00e9lo ! Rejoignez-nous pour des conseils cyclistes, des ressources et une ambiance conviviale ! Autres \u00e9v\u00e9nements et sorties sociales dans la r\u00e9gion 4 juin &#8211; Sortie en groupe OttBikeSocial au d\u00e9part du Byron Linear Tramway Park, sur Golden Ave. 11 juin &#8211; Sortie [&hellip;]<\/p>\n","protected":false},"author":2,"featured_media":0,"parent":0,"menu_order":0,"comment_status":"closed","ping_status":"closed","template":"page-prizes","meta":{"_acf_changed":false,"footnotes":""},"class_list":["post-6507","page","type-page","status-publish","hentry"],"mb":[],"acf":[],"mfb_rest_fields":["title"],"_links":{"self":[{"href":"https:\/\/letsbike.ca\/fr\/wp-json\/wp\/v2\/pages\/6507","targetHints":{"allow":["GET"]}}],"collection":[{"href":"https:\/\/letsbike.ca\/fr\/wp-json\/wp\/v2\/pages"}],"about":[{"href":"https:\/\/letsbike.ca\/fr\/wp-json\/wp\/v2\/types\/page"}],"author":[{"embeddable":true,"href":"https:\/\/letsbike.ca\/fr\/wp-json\/wp\/v2\/users\/2"}],"replies":[{"embeddable":true,"href":"https:\/\/letsbike.ca\/fr\/wp-json\/wp\/v2\/comments?post=6507"}],"version-history":[{"count":8,"href":"https:\/\/letsbike.ca\/fr\/wp-json\/wp\/v2\/pages\/6507\/revisions"}],"predecessor-version":[{"id":6841,"href":"https:\/\/letsbike.ca\/fr\/wp-json\/wp\/v2\/pages\/6507\/revisions\/6841"}],"wp:attachment":[{"href":"https:\/\/letsbike.ca\/fr\/wp-json\/wp\/v2\/media?parent=6507"}],"curies":[{"name":"wp","href":"https:\/\/api.w.org\/{rel}","templated":true}]}}