{"id":551,"date":"2020-03-20T15:17:19","date_gmt":"2020-03-20T15:17:19","guid":{"rendered":"https:\/\/letsbike.ca\/velomobile\/"},"modified":"2026-04-16T11:31:38","modified_gmt":"2026-04-16T15:31:38","slug":"evenements","status":"publish","type":"page","link":"https:\/\/letsbike.ca\/fr\/evenements\/","title":{"rendered":"\u00c9v\u00e9nements communautaires"},"content":{"rendered":"\n<div style=\"height:20px\" aria-hidden=\"true\" class=\"wp-block-spacer\"><\/div>\n\n\n\n<div class=\"wp-block-columns is-layout-flex wp-container-core-columns-is-layout-cbe57604 wp-block-columns-is-layout-flex\">\n<div class=\"wp-block-column is-layout-flow wp-block-column-is-layout-flow\">\n<p class=\"has-text-align-left has-envirogothicbold-font-family has-large-font-size\" style=\"line-height:1.3\">Rejoignez-nous en Juin 2026 !<\/p>\n\n\n\n<p>Nous aimons \u00eatre pr\u00e9sents dans la  communaut\u00e9 pour promouvoir et c\u00e9l\u00e9brer le v\u00e9lo! Joignez vous \u00e0 nous pour obtenir des conseils, des ressources et une bonne dose de camaraderie!<\/p>\n<\/div>\n\n\n\n<div class=\"wp-block-column is-vertically-aligned-top is-layout-flow wp-block-column-is-layout-flow\">\n<figure class=\"wp-block-image alignwide size-full has-custom-border is-style-default\"><img loading=\"lazy\" decoding=\"async\" width=\"2560\" height=\"1920\" src=\"https:\/\/letsbike.ca\/wp-content\/uploads\/2026\/04\/mill_street-05293-scaled.jpg\" alt=\"\" class=\"wp-image-6486\" style=\"border-radius:10px\" srcset=\"https:\/\/letsbike.ca\/wp-content\/uploads\/2026\/04\/mill_street-05293-scaled.jpg 2560w, https:\/\/letsbike.ca\/wp-content\/uploads\/2026\/04\/mill_street-05293-768x576.jpg 768w, https:\/\/letsbike.ca\/wp-content\/uploads\/2026\/04\/mill_street-05293-1024x768.jpg 1024w, https:\/\/letsbike.ca\/wp-content\/uploads\/2026\/04\/mill_street-05293-1536x1152.jpg 1536w, https:\/\/letsbike.ca\/wp-content\/uploads\/2026\/04\/mill_street-05293-2048x1536.jpg 2048w\" sizes=\"auto, (max-width: 2560px) 100vw, 2560px\" \/><figcaption class=\"wp-element-caption\">C\u00e9l\u00e9bration de fin de campagne &#8211; photo par EnviroCentre<\/figcaption><\/figure>\n<\/div>\n<\/div>\n\n\n\n<div style=\"height:var(--wp--preset--spacing--30)\" aria-hidden=\"true\" class=\"wp-block-spacer\"><\/div>\n\n\n\n<p class=\"has-text-align-center has-medium-font-size\">Suivez-nous sur <a href=\"https:\/\/www.instagram.com\/letsbikeottawa\/\" data-type=\"link\" data-id=\"https:\/\/www.instagram.com\/letsbikeottawa\/\" target=\"_blank\" rel=\"noreferrer noopener\">Instagram<\/a>&nbsp;et&nbsp;<a href=\"https:\/\/www.facebook.com\/letsbikeottawa\" data-type=\"link\" data-id=\"https:\/\/www.facebook.com\/letsbikeottawa\" target=\"_blank\" rel=\"noreferrer noopener\">Facebook<\/a>&nbsp;<br>pour voir ce que nous faisons.<\/p>\n\n\n\n<div style=\"height:70px\" aria-hidden=\"true\" class=\"wp-block-spacer\"><\/div>\n","protected":false},"excerpt":{"rendered":"<p>Rejoignez-nous en Juin 2026 ! Nous aimons \u00eatre pr\u00e9sents dans la communaut\u00e9 pour promouvoir et c\u00e9l\u00e9brer le v\u00e9lo! Joignez vous \u00e0 nous pour obtenir des conseils, des ressources et une bonne dose de camaraderie! Suivez-nous sur Instagram&nbsp;et&nbsp;Facebook&nbsp;pour voir ce que nous faisons.<\/p>\n","protected":false},"author":2,"featured_media":0,"parent":0,"menu_order":0,"comment_status":"closed","ping_status":"closed","template":"","meta":{"_acf_changed":false,"footnotes":""},"class_list":["post-551","page","type-page","status-publish","hentry"],"mb":[],"acf":[],"mfb_rest_fields":["title"],"_links":{"self":[{"href":"https:\/\/letsbike.ca\/fr\/wp-json\/wp\/v2\/pages\/551","targetHints":{"allow":["GET"]}}],"collection":[{"href":"https:\/\/letsbike.ca\/fr\/wp-json\/wp\/v2\/pages"}],"about":[{"href":"https:\/\/letsbike.ca\/fr\/wp-json\/wp\/v2\/types\/page"}],"author":[{"embeddable":true,"href":"https:\/\/letsbike.ca\/fr\/wp-json\/wp\/v2\/users\/2"}],"replies":[{"embeddable":true,"href":"https:\/\/letsbike.ca\/fr\/wp-json\/wp\/v2\/comments?post=551"}],"version-history":[{"count":57,"href":"https:\/\/letsbike.ca\/fr\/wp-json\/wp\/v2\/pages\/551\/revisions"}],"predecessor-version":[{"id":6498,"href":"https:\/\/letsbike.ca\/fr\/wp-json\/wp\/v2\/pages\/551\/revisions\/6498"}],"wp:attachment":[{"href":"https:\/\/letsbike.ca\/fr\/wp-json\/wp\/v2\/media?parent=551"}],"curies":[{"name":"wp","href":"https:\/\/api.w.org\/{rel}","templated":true}]}}