{"id":4497,"date":"2024-05-14T09:48:31","date_gmt":"2024-05-14T13:48:31","guid":{"rendered":"https:\/\/letsbike.ca\/?page_id=4497"},"modified":"2026-04-13T11:22:58","modified_gmt":"2026-04-13T15:22:58","slug":"ressources-pour-lequipe","status":"publish","type":"page","link":"https:\/\/letsbike.ca\/fr\/ressources-pour-lequipe\/","title":{"rendered":"Ressources pour l&rsquo;\u00e9quipe"},"content":{"rendered":"\n<div class=\"wp-block-group alignfull has-light-grey-background-color has-background has-global-padding is-layout-constrained wp-block-group-is-layout-constrained\" style=\"min-height:25vh;padding-bottom:var(--wp--preset--spacing--40)\">\n<p class=\"has-text-align-center has-envirogothicbold-font-family\" style=\"font-size:clamp(17.371px, 1.086rem + ((1vw - 3.2px) * 1.251), 27px);line-height:1.3\">Acc\u00e9dez ici \u00e0 notre trousse \u00e0 outils pour les \u00e9quipes, qui comprend des mod\u00e8les de courriel de recrutement et de bulletin d\u2019information, ainsi que tous les renseignements n\u00e9cessaires pour inspirer d\u2019autres cyclistes.<\/p>\n\n\n\n<div class=\"wp-block-buttons is-content-justification-center is-layout-flex wp-container-core-buttons-is-layout-a89b3969 wp-block-buttons-is-layout-flex\">\n<div class=\"wp-block-button\"><a class=\"wp-block-button__link has-medium-font-size has-custom-font-size wp-element-button\" href=\"https:\/\/letsbike.ca\/wp-content\/uploads\/2025\/05\/Team-Toolkit-FR-2025-1.pdf\" target=\"_blank\" rel=\"noreferrer noopener nofollow\">T\u00e9l\u00e9charger la trousse d&rsquo;outils<\/a><\/div>\n<\/div>\n<\/div>\n\n\n\n<div class=\"wp-block-columns alignwide are-vertically-aligned-top is-layout-flex wp-container-core-columns-is-layout-b4ccceed wp-block-columns-is-layout-flex\">\n<div class=\"wp-block-column is-vertically-aligned-top has-custom-grey-background-color has-background is-layout-flow wp-block-column-is-layout-flow\" style=\"border-radius:20px;padding-top:var(--wp--preset--spacing--50);padding-right:var(--wp--preset--spacing--60);padding-bottom:var(--wp--preset--spacing--70);padding-left:var(--wp--preset--spacing--60);flex-basis:40%\" data-aos=\"fade\" data-aos-duration=\"700\">\n<figure class=\"wp-block-image size-full has-custom-border\"><img loading=\"lazy\" decoding=\"async\" width=\"1225\" height=\"1584\" src=\"https:\/\/letsbike.ca\/wp-content\/uploads\/2026\/04\/LetsBike-2026-Team-FR.webp\" alt=\"\" class=\"wp-image-6291\" style=\"border-width:1px;box-shadow:var(--wp--preset--shadow--natural)\" srcset=\"https:\/\/letsbike.ca\/wp-content\/uploads\/2026\/04\/LetsBike-2026-Team-FR.webp 1225w, https:\/\/letsbike.ca\/wp-content\/uploads\/2026\/04\/LetsBike-2026-Team-FR-594x768.webp 594w, https:\/\/letsbike.ca\/wp-content\/uploads\/2026\/04\/LetsBike-2026-Team-FR-792x1024.webp 792w, https:\/\/letsbike.ca\/wp-content\/uploads\/2026\/04\/LetsBike-2026-Team-FR-768x993.webp 768w, https:\/\/letsbike.ca\/wp-content\/uploads\/2026\/04\/LetsBike-2026-Team-FR-1188x1536.webp 1188w\" sizes=\"auto, (max-width: 1225px) 100vw, 1225px\" \/><\/figure>\n\n\n\n<p class=\"has-envirogothicbold-font-family\">Diffusez l\u2019affiche sur votre lieu de travail, \u00e0 votre \u00e9cole ou \u00e0 votre lieu de rassemblement local!<\/p>\n\n\n\n<div class=\"wp-block-buttons is-layout-flex wp-block-buttons-is-layout-flex\">\n<div class=\"wp-block-button\"><a class=\"wp-block-button__link wp-element-button\" href=\"https:\/\/letsbike.ca\/wp-content\/uploads\/2026\/04\/LetsBike-2026-Team-FR.pdf\" target=\"_blank\" rel=\"noreferrer noopener nofollow\">T\u00e9l\u00e9chargez l\u2019affiche<\/a><\/div>\n<\/div>\n<\/div>\n\n\n\n<div class=\"wp-block-column is-vertically-aligned-top is-layout-flow wp-block-column-is-layout-flow\" style=\"padding-right:var(--wp--preset--spacing--30);padding-left:var(--wp--preset--spacing--30);flex-basis:60%\" data-aos=\"fade-up\" data-aos-delay=\"100\" data-aos-duration=\"850\">\n<div class=\"wp-block-group is-vertical is-content-justification-left is-layout-flex wp-container-core-group-is-layout-dd225191 wp-block-group-is-layout-flex\">\n<div class=\"wp-block-outermost-icon-block\"><div class=\"icon-container has-icon-color has-custom-asphalt-dark-color\" style=\"color:#41454d;width:130px;transform:rotate(0deg) scaleX(1) scaleY(1)\"><svg xmlns=\"http:\/\/www.w3.org\/2000\/svg\" data-name=\"Layer 1\" viewBox=\"0 0 233.88 235.45\"><path d=\"M108.93 62.83c40.96-4.92 75.16 32.21 62.92 72.46-4.76 15.65-16.69 22.48-19.97 39.91-1.25 6.65.17 23.44-7.8 25.18-2.44.53-9.02.93-11.93 1.09-11.55.61-29.52.77-40.78-.95-8.93-1.36-7.3-16.03-8.41-22.83-4.31-26.57-25.04-31.95-22.48-64.36 1.94-24.51 23.99-47.56 48.44-50.49Zm-.02 10.39c-24.69 3.34-42.63 30.68-37.77 54.67 2.85 14.07 13.11 20.71 17.81 32.52 3.89 9.78 3.95 20.09 6.22 30.22l43.76.25 1.31-1.3c.58-13.08 2.4-25.42 9.3-36.69 2.46-4.02 5.92-7.34 8.32-11.64 19.6-35.05-10.31-73.27-48.95-68.04ZM144.49 215.97c-.88.88-8.73 1.86-10.61 1.98-9.82.62-25.01.74-34.74-.05-1.52-.12-7.42-.86-8.27-1.27-3.25-1.59-2.68-8.65 1.34-9.11l51.62.41c2.42 1.17 2.2 6.5.66 8.04ZM121.04 40.67c-1.96 2.06-6.28 2.05-8.23 0-2.69-2.83-.24-30.84-1.07-36.64.99-5.31 9.12-5.44 10.37 0-.83 5.77 1.63 33.8-1.07 36.64ZM60.79 59.7 39.48 33.71c-1.96-3.31 1-8.05 4.8-7.44 4.9.78 20.77 23.27 25.15 27.88 2.17 5.05-4.19 9.4-8.64 5.55ZM187.01 153.87c1.15-.09 1.54.08 2.54.48 4.37 1.76 25.05 13.76 28.48 16.7 4.5 3.86 1.72 9.78-3.93 9.17l-30.29-17.47c-3.48-3.35-1.6-8.49 3.19-8.88ZM2.98 93.99c6.44-1.97 27.22 5.6 35.21 5.24 5.5 2.55 5 10.12-1.5 10.22-3.56.05-29.06-4.4-32.6-5.62-4.84-1.67-5.59-8.47-1.1-9.84ZM50.74 155.66c3.39 3.56-.45 6.85-3.31 8.82-8.39 5.78-18.95 10.29-27.68 15.74-6.11.38-8.48-5.53-3.43-9.53 7.91-6.26 20.25-10.46 28.56-16.64 1.36-.68 4.96.67 5.85 1.61ZM173.08 59.72c-4.2 3.38-10.94-.24-8.66-5.57l21.9-25.86c4.17-4.71 10.52-.24 8.05 5.42l-21.29 26.01ZM225.2 94.07c3.36-.36 6.64-1.17 8.24 2.61 1.29 3.07-.34 5.56-3.2 6.76s-29.82 6.07-33.07 6.02c-6.26-.09-7.39-7.59-1.29-10.01 4.69-1.86 23.53-4.76 29.32-5.38ZM100 224.86h34.71c2.8 0 .42 5.02-1.34 6.47-6.3 5.22-23.06 5.19-30.08 1.51-2.7-1.41-7.45-5.78-3.29-7.99Z\"><\/path><path d=\"M143.59 105.24c3.69-.57 8.01 4.69 5.34 7.98l-35.22 35.1c-1.03.31-2.19.36-3.25.18-3.18-.55-20.12-19.69-23.56-23.42-.84-4.26 2.62-7.21 6.85-5.92 2.83.86 16.31 17.17 17.54 17.17 5.66-3.99 27.75-30.38 32.3-31.09Z\"><\/path><\/svg><\/div><\/div>\n\n\n\n<div aria-hidden=\"true\" class=\"wp-block-spacer\"><\/div>\n\n\n\n<h2 class=\"wp-block-heading\" style=\"font-size:clamp(20.515px, 1.282rem + ((1vw - 3.2px) * 1.621), 33px);\"><strong>Faits amusants !<\/strong><\/h2>\n\n\n\n<p><strong>Points jaunes<\/strong><br>Les trois points jaunes install\u00e9s aux intersections sont des capteurs qui activent les feux de circulation lorsqu\u2019un cycliste est en attente.<\/p>\n\n\n\n<p><strong>R\u00e9paration de v\u00e9los<\/strong><br>La Ville d\u2019Ottawa met gratuitement \u00e0 votre disposition des postes de r\u00e9paration de base, r\u00e9partis \u00e0 47 endroits sur le territoire municipal, notamment dans les centres communautaires, le long des pistes cyclables et dans les stations de transport en commun.<\/p>\n\n\n\n<p><strong>Le v\u00e9lo est bon pour la sant\u00e9 <\/strong><br>Les personnes qui font du v\u00e9lo sont moins stress\u00e9es, moins d\u00e9pressives et moins anxieuses, et elles ont moins de risques de crise cardiaque et d&rsquo;accident vasculaire c\u00e9r\u00e9bral !<\/p>\n\n\n\n<p>Au Canada, pr\u00e8s de 50 % des d\u00e9placements en voiture totalisent moins de 5 km, une distance que la plupart des gens peuvent parcourir \u00e0 v\u00e9lo en 30 minutes environ !<\/p>\n\n\n\n<p><strong>Le programme V\u00e9lo-bus<\/strong><br>Bus est maintenant en vigueur toute l\u2019ann\u00e9e dans tous les autobus d&rsquo;OC Transpo. Ne partez pas sans votre v\u00e9lo!<\/p>\n\n\n\n<p><strong>Chargement des e-bikes<\/strong><br>E-bikes sont en vente dans diverses boutiques d\u2019Ottawa.<\/p>\n<\/div>\n<\/div>\n<\/div>\n\n\n\n<div style=\"height:100px\" aria-hidden=\"true\" class=\"wp-block-spacer\"><\/div>\n","protected":false},"excerpt":{"rendered":"<p>Acc\u00e9dez ici \u00e0 notre trousse \u00e0 outils pour les \u00e9quipes, qui comprend des mod\u00e8les de courriel de recrutement et de bulletin d\u2019information, ainsi que tous les renseignements n\u00e9cessaires pour inspirer d\u2019autres cyclistes. Diffusez l\u2019affiche sur votre lieu de travail, \u00e0 votre \u00e9cole ou \u00e0 votre lieu de rassemblement local! Faits amusants ! Points jaunesLes trois [&hellip;]<\/p>\n","protected":false},"author":2,"featured_media":0,"parent":0,"menu_order":0,"comment_status":"closed","ping_status":"closed","template":"","meta":{"_acf_changed":false,"footnotes":""},"class_list":["post-4497","page","type-page","status-publish","hentry"],"mb":[],"acf":[],"mfb_rest_fields":["title"],"_links":{"self":[{"href":"https:\/\/letsbike.ca\/fr\/wp-json\/wp\/v2\/pages\/4497","targetHints":{"allow":["GET"]}}],"collection":[{"href":"https:\/\/letsbike.ca\/fr\/wp-json\/wp\/v2\/pages"}],"about":[{"href":"https:\/\/letsbike.ca\/fr\/wp-json\/wp\/v2\/types\/page"}],"author":[{"embeddable":true,"href":"https:\/\/letsbike.ca\/fr\/wp-json\/wp\/v2\/users\/2"}],"replies":[{"embeddable":true,"href":"https:\/\/letsbike.ca\/fr\/wp-json\/wp\/v2\/comments?post=4497"}],"version-history":[{"count":15,"href":"https:\/\/letsbike.ca\/fr\/wp-json\/wp\/v2\/pages\/4497\/revisions"}],"predecessor-version":[{"id":6293,"href":"https:\/\/letsbike.ca\/fr\/wp-json\/wp\/v2\/pages\/4497\/revisions\/6293"}],"wp:attachment":[{"href":"https:\/\/letsbike.ca\/fr\/wp-json\/wp\/v2\/media?parent=4497"}],"curies":[{"name":"wp","href":"https:\/\/api.w.org\/{rel}","templated":true}]}}