{"id":319,"date":"2020-03-09T18:33:54","date_gmt":"2020-03-09T18:33:54","guid":{"rendered":"https:\/\/letsbike.ca\/prix\/"},"modified":"2025-06-02T04:55:32","modified_gmt":"2025-06-02T08:55:32","slug":"prix","status":"publish","type":"page","link":"https:\/\/letsbike.ca\/fr\/prix\/","title":{"rendered":"Prix"},"content":{"rendered":"\n<h2 class=\"wp-block-heading has-text-align-center has-xx-large-font-size\" style=\"margin-bottom:var(--wp--preset--spacing--50)\">Liste des prix 2025<\/h2>\n\n\n\n\n\n<div class=\"wp-block-group alignwide wrapper_prize has-global-padding is-layout-constrained wp-block-group-is-layout-constrained\" data-aos=\"fade\" data-aos-duration=\"500\">\n<h2 class=\"wp-block-heading has-text-align-center prize_header has-x-large-font-size\">Prix du jour<\/h2>\n\n\n\n<div class=\"wp-block-query alignwide is-layout-flow wp-block-query-is-layout-flow\"><\/div>\n\n\n\n<div style=\"height:20px\" aria-hidden=\"true\" class=\"wp-block-spacer\"><\/div>\n<\/div>\n\n\n\n<div class=\"wp-block-group wrapper_prize has-global-padding is-layout-constrained wp-block-group-is-layout-constrained\" data-aos=\"fade-up\" data-aos-duration=\"700\">\n<p class=\"has-text-align-center prize_header has-envirogothic-font-family has-large-font-size\">Prix \u00e0 venir<\/p>\n\n\n\n<div class=\"wp-block-query alignwide is-layout-flow wp-block-query-is-layout-flow\"><\/div>\n\n\n\n<div style=\"height:20px\" aria-hidden=\"true\" class=\"wp-block-spacer\"><\/div>\n<\/div>\n\n\n\n<div class=\"wp-block-group alignwide wrapper_prize has-global-padding is-layout-constrained wp-block-group-is-layout-constrained\" data-aos=\"fade-up\" data-aos-duration=\"650\">\n<p class=\"has-text-align-center prize_header has-envirogothic-font-family has-large-font-size\">Prix pr\u00e9c\u00e9dents<\/p>\n\n\n\n<div class=\"wp-block-query is-layout-flow wp-block-query-is-layout-flow\"><\/div>\n<\/div>\n\n\n\n<div style=\"height:100px\" aria-hidden=\"true\" class=\"wp-block-spacer\"><\/div>\n","protected":false},"excerpt":{"rendered":"<p>Liste des prix 2025 Nous acceptons actuellement les dons de prix pour 2025. Veuillez contacter transport@envirocentre.ca pour plus d&rsquo;informations sur les commandites et le don de prix ! Prix du jour Prix \u00e0 venir Prix pr\u00e9c\u00e9dents<\/p>\n","protected":false},"author":2,"featured_media":0,"parent":0,"menu_order":0,"comment_status":"closed","ping_status":"closed","template":"page-prizes","meta":{"_acf_changed":false,"footnotes":""},"class_list":["post-319","page","type-page","status-publish","hentry"],"mb":[],"acf":[],"mfb_rest_fields":["title"],"_links":{"self":[{"href":"https:\/\/letsbike.ca\/fr\/wp-json\/wp\/v2\/pages\/319","targetHints":{"allow":["GET"]}}],"collection":[{"href":"https:\/\/letsbike.ca\/fr\/wp-json\/wp\/v2\/pages"}],"about":[{"href":"https:\/\/letsbike.ca\/fr\/wp-json\/wp\/v2\/types\/page"}],"author":[{"embeddable":true,"href":"https:\/\/letsbike.ca\/fr\/wp-json\/wp\/v2\/users\/2"}],"replies":[{"embeddable":true,"href":"https:\/\/letsbike.ca\/fr\/wp-json\/wp\/v2\/comments?post=319"}],"version-history":[{"count":19,"href":"https:\/\/letsbike.ca\/fr\/wp-json\/wp\/v2\/pages\/319\/revisions"}],"predecessor-version":[{"id":5920,"href":"https:\/\/letsbike.ca\/fr\/wp-json\/wp\/v2\/pages\/319\/revisions\/5920"}],"wp:attachment":[{"href":"https:\/\/letsbike.ca\/fr\/wp-json\/wp\/v2\/media?parent=319"}],"curies":[{"name":"wp","href":"https:\/\/api.w.org\/{rel}","templated":true}]}}