{"id":181,"date":"2020-03-03T21:29:46","date_gmt":"2020-03-03T21:29:46","guid":{"rendered":"https:\/\/letsbike.ca\/a-propos\/"},"modified":"2026-04-08T14:29:51","modified_gmt":"2026-04-08T18:29:51","slug":"a-propos","status":"publish","type":"page","link":"https:\/\/letsbike.ca\/fr\/a-propos\/","title":{"rendered":"\u00c0 propos"},"content":{"rendered":"\n<p class=\"has-text-align-center has-envirogothicbold-font-family\" style=\"font-size:clamp(17.371px, 1.086rem + ((1vw - 3.2px) * 1.251), 27px);line-height:1.3\">Le Mois \u00ab\u00a0\u00c0 V\u00e9lo\u00a0\u00bb est une campagne annuelle qui encourage les personnes \u00e0 essayer le v\u00e9lo comme option amusante et saine de se d\u00e9placer pour le travail. <\/p>\n\n\n\n<div style=\"height:var(--wp--preset--spacing--20)\" aria-hidden=\"true\" class=\"wp-block-spacer\"><\/div>\n\n\n\n<p>Les participants \u00e0 la campagne peuvent :<\/p>\n\n\n\n<ul class=\"wp-block-list\">\n<li>Gagnez des prix<\/li>\n\n\n\n<li>\u00c9conomiser de l&rsquo;argent<\/li>\n\n\n\n<li>Acc\u00e9dez \u00e0 des ressources gratuites<\/li>\n\n\n\n<li>Visualisez les \u00e9missions \u00e9vit\u00e9s en choisissant de faire du v\u00e9lo<\/li>\n\n\n\n<li>Amusez-vous!<\/li>\n<\/ul>\n\n\n\n<p>Que vous souhaitiez essayer de prendre votre v\u00e9lo pour le travail pour la premi\u00e8re fois, utiliser la campagne pour encourager votre employeur \u00e0 soutenir des moyens alternatifs de navettage ou inciter vos coll\u00e8gues de travail \u00e0 prendre part, le Mois du v\u00e9lo au boulot fournit les ressources et la motivation pour faire des trajets en v\u00e9lo !<\/p>\n\n\n\n<p>Le Mois du v\u00e9lo au boulot, une initiative d\u2019<a href=\"https:\/\/www.envirocentre.ca\/fr\/\" target=\"_blank\" rel=\"noopener\">EnviroCentre<\/a>, est rendu possible gr\u00e2ce au soutien d\u2019entreprises locales, de commanditaires et de notre partenariat avec la Ville d\u2019Ottawa.<\/p>\n\n\n\n<div style=\"height:15px\" aria-hidden=\"true\" class=\"wp-block-spacer\"><\/div>\n\n\n\n<h2 class=\"wp-block-heading has-aptos-font-family has-large-font-size\" style=\"line-height:1\">Comment \u00e7a marche<\/h2>\n\n\n\n<p>Vous pouvez participer au mois du v\u00e9lo au boulot individuellement ou comme \u00e9quipe :<\/p>\n\n\n\n<ul class=\"wp-block-list\">\n<li>Inscrivez-vous en cr\u00e9ant un nom d&rsquo;utilisateur et un mot de passe pour acc\u00e9der \u00e0 votre page de profil personnel<\/li>\n\n\n\n<li>Participez comme individuel ou rejoignez une \u00e9quipe<\/li>\n\n\n\n<li>Enregistrez vos balades \u00e0 v\u00e9lo, suivez vos progr\u00e8s, voyez l&rsquo;impact positif que vous avez\u2026 et courez la chance de gagner des prix amusants !<\/li>\n<\/ul>\n\n\n\n<div style=\"height:15px\" aria-hidden=\"true\" class=\"wp-block-spacer\"><\/div>\n\n\n\n<h2 class=\"wp-block-heading has-aptos-font-family has-large-font-size\" style=\"line-height:1\">Au sujet d\u2019EnviroCentre<\/h2>\n\n\n\n<p>Fond\u00e9 en 1999, EnviroCentre est un organisme \u00e0 but non-lucratif \u00e0 Ottawa, qui donne vie aux changements \u00e9cologiques en offrant aux personnes, aux communaut\u00e9s et aux organismes des solutions pratiques permettant de r\u00e9duire leur impact environnemental de fa\u00e7on durable.<\/p>\n\n\n\n<p>Notre but \u00e9tant la r\u00e9duction des gaz \u00e0 effet de serre, nous concentrons nos efforts dans trois domaines:<\/p>\n\n\n\n<ol class=\"wp-block-list\">\n<li>Pour Votre Maison<\/li>\n\n\n\n<li>Pour Votre Transportation<\/li>\n\n\n\n<li>Pour Votre Ville<\/li>\n\n\n\n<li>Pour Votre Entreprise<\/li>\n\n\n\n<li>Pour Votre \u00c9ducation<\/li>\n<\/ol>\n\n\n\n<div style=\"height:64px\" aria-hidden=\"true\" class=\"wp-block-spacer\"><\/div>\n","protected":false},"excerpt":{"rendered":"<p>Le Mois \u00ab\u00a0\u00c0 V\u00e9lo\u00a0\u00bb est une campagne annuelle qui encourage les personnes \u00e0 essayer le v\u00e9lo comme option amusante et saine de se d\u00e9placer pour le travail. Les participants \u00e0 la campagne peuvent : Que vous souhaitiez essayer de prendre votre v\u00e9lo pour le travail pour la premi\u00e8re fois, utiliser la campagne pour encourager votre [&hellip;]<\/p>\n","protected":false},"author":2,"featured_media":0,"parent":0,"menu_order":0,"comment_status":"closed","ping_status":"closed","template":"","meta":{"_acf_changed":false,"footnotes":""},"class_list":["post-181","page","type-page","status-publish","hentry"],"mb":[],"acf":[],"mfb_rest_fields":["title"],"_links":{"self":[{"href":"https:\/\/letsbike.ca\/fr\/wp-json\/wp\/v2\/pages\/181","targetHints":{"allow":["GET"]}}],"collection":[{"href":"https:\/\/letsbike.ca\/fr\/wp-json\/wp\/v2\/pages"}],"about":[{"href":"https:\/\/letsbike.ca\/fr\/wp-json\/wp\/v2\/types\/page"}],"author":[{"embeddable":true,"href":"https:\/\/letsbike.ca\/fr\/wp-json\/wp\/v2\/users\/2"}],"replies":[{"embeddable":true,"href":"https:\/\/letsbike.ca\/fr\/wp-json\/wp\/v2\/comments?post=181"}],"version-history":[{"count":9,"href":"https:\/\/letsbike.ca\/fr\/wp-json\/wp\/v2\/pages\/181\/revisions"}],"predecessor-version":[{"id":6220,"href":"https:\/\/letsbike.ca\/fr\/wp-json\/wp\/v2\/pages\/181\/revisions\/6220"}],"wp:attachment":[{"href":"https:\/\/letsbike.ca\/fr\/wp-json\/wp\/v2\/media?parent=181"}],"curies":[{"name":"wp","href":"https:\/\/api.w.org\/{rel}","templated":true}]}}